{"id":12402,"date":"2021-06-02T02:48:18","date_gmt":"2021-06-02T00:48:18","guid":{"rendered":"https:\/\/beautiful-wescoff.89-31-73-59.plesk.page\/?post_type=product&#038;p=12402"},"modified":"2021-06-02T02:48:19","modified_gmt":"2021-06-02T00:48:19","slug":"duetto-4","status":"publish","type":"product","link":"https:\/\/www.m-home.com\/de\/prodotto\/duetto-4\/","title":{"rendered":"Duetto"},"content":{"rendered":"","protected":false},"excerpt":{"rendered":"<div class=\"attributi-raggruppamento\">\n<p>Art. 31.4290 \u2022 PLS376<br \/>\n13 + 5 L \u2022 12<img loading=\"lazy\" decoding=\"async\" class=\"attachment-pa_confezione size-pa_confezione\" style=\"display: inline;\" src=\"https:\/\/www.m-home.com\/wp-content\/uploads\/2020\/11\/confezione.jpg\" alt=\"\" width=\"25\" height=\"15\" \/><\/p>\n<hr \/>\n<\/div>\n<div class=\"descrizione\">\n<p class=\"p1\">Secchio rotondo con strizzatore e secchio interno<br \/>\nRound bucket with wringer and inner bucket<br \/>\nSeau avec essoreur et r\u00e9cup\u00e9rateur eau usag\u00e9e<br \/>\nRunder Eimer mit Trockner und innerem Eimer<br \/>\nCubo redondo con escurridor y recuperador de agua<\/p>\n<hr \/>\n<\/div>\n","protected":false},"featured_media":3727,"template":"","meta":[],"product_brand":[],"product_cat":[821,846],"product_tag":[],"class_list":{"0":"post-12402","1":"product","2":"type-product","3":"status-publish","4":"has-post-thumbnail","6":"product_cat-cleaning-de","7":"product_cat-duetto-de","9":"first","10":"instock","11":"shipping-taxable","12":"product-type-simple"},"_links":{"self":[{"href":"https:\/\/www.m-home.com\/de\/wp-json\/wp\/v2\/product\/12402"}],"collection":[{"href":"https:\/\/www.m-home.com\/de\/wp-json\/wp\/v2\/product"}],"about":[{"href":"https:\/\/www.m-home.com\/de\/wp-json\/wp\/v2\/types\/product"}],"wp:featuredmedia":[{"embeddable":true,"href":"https:\/\/www.m-home.com\/de\/wp-json\/wp\/v2\/media\/3727"}],"wp:attachment":[{"href":"https:\/\/www.m-home.com\/de\/wp-json\/wp\/v2\/media?parent=12402"}],"wp:term":[{"taxonomy":"product_brand","embeddable":true,"href":"https:\/\/www.m-home.com\/de\/wp-json\/wp\/v2\/product_brand?post=12402"},{"taxonomy":"product_cat","embeddable":true,"href":"https:\/\/www.m-home.com\/de\/wp-json\/wp\/v2\/product_cat?post=12402"},{"taxonomy":"product_tag","embeddable":true,"href":"https:\/\/www.m-home.com\/de\/wp-json\/wp\/v2\/product_tag?post=12402"}],"curies":[{"name":"wp","href":"https:\/\/api.w.org\/{rel}","templated":true}]}}