{"id":14014,"date":"2021-06-02T07:45:43","date_gmt":"2021-06-02T05:45:43","guid":{"rendered":"https:\/\/beautiful-wescoff.89-31-73-59.plesk.page\/?post_type=product&#038;p=14014"},"modified":"2021-06-02T07:45:43","modified_gmt":"2021-06-02T05:45:43","slug":"micro-box-soft-top-25l","status":"publish","type":"product","link":"https:\/\/www.m-home.com\/en\/prodotto\/micro-box-soft-top-25l\/","title":{"rendered":"Micro Box Soft Top &#8211; 2,5L"},"content":{"rendered":"","protected":false},"excerpt":{"rendered":"<div class=\"attributi-raggruppamento\">\n<p>Art. 29.1643 \u2022 PLS1735 \u2022 2,5 L \u2022 12 <img loading=\"lazy\" decoding=\"async\" class=\"attachment-pa_confezione size-pa_confezione\" style=\"display: inline;\" src=\"https:\/\/www.m-home.com\/wp-content\/uploads\/2020\/11\/confezione.jpg\" alt=\"\" width=\"25\" height=\"15\" \/><\/p>\n<hr \/>\n<\/div>\n<div class=\"descrizione\">\n<p class=\"p1\">Contenitore per alimenti quadrato per micro-onde<br \/>\nSquared food container with microwave valve<br \/>\nBo\u00eete herm\u00e9tique carr\u00e9e avec languette pour micro-ondes<br \/>\nViereckige Frischhaltedosen\u00a0 mit Ventil &#8220;Speziell Microwelle&#8221;<br \/>\nHerm\u00e9tico cuadrado con tapa para microondas<\/p>\n<p><img loading=\"lazy\" decoding=\"async\" class=\"alignnone wp-image-4266\" src=\"https:\/\/www.m-home.com\/wp-content\/uploads\/2021\/01\/bpa-free-355x300.jpg\" alt=\"\" width=\"106\" height=\"89\" srcset=\"https:\/\/www.m-home.com\/wp-content\/uploads\/2021\/01\/bpa-free-355x300.jpg 355w, https:\/\/www.m-home.com\/wp-content\/uploads\/2021\/01\/bpa-free-300x253.jpg 300w, https:\/\/www.m-home.com\/wp-content\/uploads\/2021\/01\/bpa-free-600x507.jpg 600w, https:\/\/www.m-home.com\/wp-content\/uploads\/2021\/01\/bpa-free-450x380.jpg 450w, https:\/\/www.m-home.com\/wp-content\/uploads\/2021\/01\/bpa-free.jpg 700w\" sizes=\"(max-width: 106px) 100vw, 106px\" \/><\/p>\n<\/div>\n","protected":false},"featured_media":4264,"template":"","meta":[],"product_brand":[],"product_cat":[824,991],"product_tag":[],"class_list":{"0":"post-14014","1":"product","2":"type-product","3":"status-publish","4":"has-post-thumbnail","6":"product_cat-kitchenware-en","7":"product_cat-micro-box-en","9":"first","10":"instock","11":"shipping-taxable","12":"product-type-simple"},"_links":{"self":[{"href":"https:\/\/www.m-home.com\/en\/wp-json\/wp\/v2\/product\/14014"}],"collection":[{"href":"https:\/\/www.m-home.com\/en\/wp-json\/wp\/v2\/product"}],"about":[{"href":"https:\/\/www.m-home.com\/en\/wp-json\/wp\/v2\/types\/product"}],"wp:featuredmedia":[{"embeddable":true,"href":"https:\/\/www.m-home.com\/en\/wp-json\/wp\/v2\/media\/4264"}],"wp:attachment":[{"href":"https:\/\/www.m-home.com\/en\/wp-json\/wp\/v2\/media?parent=14014"}],"wp:term":[{"taxonomy":"product_brand","embeddable":true,"href":"https:\/\/www.m-home.com\/en\/wp-json\/wp\/v2\/product_brand?post=14014"},{"taxonomy":"product_cat","embeddable":true,"href":"https:\/\/www.m-home.com\/en\/wp-json\/wp\/v2\/product_cat?post=14014"},{"taxonomy":"product_tag","embeddable":true,"href":"https:\/\/www.m-home.com\/en\/wp-json\/wp\/v2\/product_tag?post=14014"}],"curies":[{"name":"wp","href":"https:\/\/api.w.org\/{rel}","templated":true}]}}