{"id":12318,"date":"2021-06-02T02:37:44","date_gmt":"2021-06-02T00:37:44","guid":{"rendered":"https:\/\/beautiful-wescoff.89-31-73-59.plesk.page\/?post_type=product&#038;p=12318"},"modified":"2021-06-02T02:37:48","modified_gmt":"2021-06-02T00:37:48","slug":"top-duo-5","status":"publish","type":"product","link":"https:\/\/www.m-home.com\/es\/prodotto\/top-duo-5\/","title":{"rendered":"Top duo"},"content":{"rendered":"","protected":false},"excerpt":{"rendered":"<div class=\"attributi-raggruppamento\">\n<p>Art. 31.2203 \u2022 PLS393<br \/>\n15 + 4 L \u2022 12 <img loading=\"lazy\" decoding=\"async\" class=\"attachment-pa_confezione size-pa_confezione\" style=\"display: inline;\" src=\"https:\/\/www.m-home.com\/wp-content\/uploads\/2020\/11\/confezione.jpg\" alt=\"\" width=\"25\" height=\"15\" \/><\/p>\n<hr \/>\n<\/div>\n<div class=\"descrizione\">\n<p class=\"p1\">Secchio con strizzatore e secchio interno<br \/>\nBucket with wringer and inner bucket<br \/>\nSeau avec\u00a0 essoreur et r\u00e9cup\u00e9rateur eau usag\u00e9e<br \/>\nEimer mit Trockner und innerem Eimer<br \/>\nCubo con escurridor y recuperador de agua<\/p>\n<hr \/>\n<\/div>\n","protected":false},"featured_media":7804,"template":"","meta":[],"product_brand":[],"product_cat":[823,916],"product_tag":[],"class_list":{"0":"post-12318","1":"product","2":"type-product","3":"status-publish","4":"has-post-thumbnail","6":"product_cat-cleaning-es","7":"product_cat-top-es","9":"first","10":"instock","11":"shipping-taxable","12":"product-type-simple"},"_links":{"self":[{"href":"https:\/\/www.m-home.com\/es\/wp-json\/wp\/v2\/product\/12318"}],"collection":[{"href":"https:\/\/www.m-home.com\/es\/wp-json\/wp\/v2\/product"}],"about":[{"href":"https:\/\/www.m-home.com\/es\/wp-json\/wp\/v2\/types\/product"}],"wp:featuredmedia":[{"embeddable":true,"href":"https:\/\/www.m-home.com\/es\/wp-json\/wp\/v2\/media\/7804"}],"wp:attachment":[{"href":"https:\/\/www.m-home.com\/es\/wp-json\/wp\/v2\/media?parent=12318"}],"wp:term":[{"taxonomy":"product_brand","embeddable":true,"href":"https:\/\/www.m-home.com\/es\/wp-json\/wp\/v2\/product_brand?post=12318"},{"taxonomy":"product_cat","embeddable":true,"href":"https:\/\/www.m-home.com\/es\/wp-json\/wp\/v2\/product_cat?post=12318"},{"taxonomy":"product_tag","embeddable":true,"href":"https:\/\/www.m-home.com\/es\/wp-json\/wp\/v2\/product_tag?post=12318"}],"curies":[{"name":"wp","href":"https:\/\/api.w.org\/{rel}","templated":true}]}}