{"id":12683,"date":"2021-06-02T03:18:29","date_gmt":"2021-06-02T01:18:29","guid":{"rendered":"https:\/\/beautiful-wescoff.89-31-73-59.plesk.page\/?post_type=product&#038;p=12683"},"modified":"2021-06-02T03:18:33","modified_gmt":"2021-06-02T01:18:33","slug":"mignon-5","status":"publish","type":"product","link":"https:\/\/www.m-home.com\/es\/prodotto\/mignon-5\/","title":{"rendered":"Mignon"},"content":{"rendered":"","protected":false},"excerpt":{"rendered":"<div class=\"attributi-raggruppamento\">\n<p>Art. 45.0514 \u2022 MAZ514 \u2022 48 <img loading=\"lazy\" decoding=\"async\" class=\"attachment-pa_confezione size-pa_confezione\" style=\"display: inline;\" src=\"https:\/\/www.m-home.com\/wp-content\/uploads\/2020\/11\/confezione.jpg\" alt=\"\" width=\"25\" height=\"15\" \/><\/p>\n<hr \/>\n<\/div>\n<div class=\"descrizione\">\n<p class=\"p1\">Lavabiberon<br \/>\nBrush for feeding bottle<br \/>\nGoupillon pour biberon<br \/>\nB\u00fcrste f\u00fcr Babyfl\u00e4schchen<br \/>\nCepillo biberones<\/p>\n<hr \/>\n<\/div>\n","protected":false},"featured_media":15773,"template":"","meta":[],"product_brand":[],"product_cat":[823,834],"product_tag":[],"class_list":{"0":"post-12683","1":"product","2":"type-product","3":"status-publish","4":"has-post-thumbnail","6":"product_cat-cleaning-es","7":"product_cat-accessories-es","9":"first","10":"instock","11":"shipping-taxable","12":"product-type-simple"},"_links":{"self":[{"href":"https:\/\/www.m-home.com\/es\/wp-json\/wp\/v2\/product\/12683"}],"collection":[{"href":"https:\/\/www.m-home.com\/es\/wp-json\/wp\/v2\/product"}],"about":[{"href":"https:\/\/www.m-home.com\/es\/wp-json\/wp\/v2\/types\/product"}],"wp:featuredmedia":[{"embeddable":true,"href":"https:\/\/www.m-home.com\/es\/wp-json\/wp\/v2\/media\/15773"}],"wp:attachment":[{"href":"https:\/\/www.m-home.com\/es\/wp-json\/wp\/v2\/media?parent=12683"}],"wp:term":[{"taxonomy":"product_brand","embeddable":true,"href":"https:\/\/www.m-home.com\/es\/wp-json\/wp\/v2\/product_brand?post=12683"},{"taxonomy":"product_cat","embeddable":true,"href":"https:\/\/www.m-home.com\/es\/wp-json\/wp\/v2\/product_cat?post=12683"},{"taxonomy":"product_tag","embeddable":true,"href":"https:\/\/www.m-home.com\/es\/wp-json\/wp\/v2\/product_tag?post=12683"}],"curies":[{"name":"wp","href":"https:\/\/api.w.org\/{rel}","templated":true}]}}