{"id":12687,"date":"2021-06-02T03:18:38","date_gmt":"2021-06-02T01:18:38","guid":{"rendered":"https:\/\/beautiful-wescoff.89-31-73-59.plesk.page\/?post_type=product&#038;p=12687"},"modified":"2021-06-02T03:18:40","modified_gmt":"2021-06-02T01:18:40","slug":"spider-5","status":"publish","type":"product","link":"https:\/\/www.m-home.com\/es\/prodotto\/spider-5\/","title":{"rendered":"Spider"},"content":{"rendered":"","protected":false},"excerpt":{"rendered":"<div class=\"attributi-raggruppamento\">\n<p>Art. 44.0231 \u2022 12 <img loading=\"lazy\" decoding=\"async\" class=\"attachment-pa_confezione size-pa_confezione\" style=\"display: inline;\" src=\"https:\/\/www.m-home.com\/wp-content\/uploads\/2020\/11\/confezione.jpg\" alt=\"\" width=\"25\" height=\"15\" \/><\/p>\n<hr \/>\n<\/div>\n<div class=\"descrizione\">\n<p class=\"p1\">Ragnatore con manico telescopico<br \/>\nCobweb wall duster with telescopic handle<br \/>\nT\u00eate de loup avec manche t\u00e9l\u00e9scopique<br \/>\nSpinnegewebezieher mit Teleskopstiel<br \/>\nAntipolvo con palo telescopico<\/p>\n<hr \/>\n<\/div>\n","protected":false},"featured_media":16015,"template":"","meta":[],"product_brand":[],"product_cat":[823,834],"product_tag":[],"class_list":{"0":"post-12687","1":"product","2":"type-product","3":"status-publish","4":"has-post-thumbnail","6":"product_cat-cleaning-es","7":"product_cat-accessories-es","9":"first","10":"instock","11":"shipping-taxable","12":"product-type-simple"},"_links":{"self":[{"href":"https:\/\/www.m-home.com\/es\/wp-json\/wp\/v2\/product\/12687"}],"collection":[{"href":"https:\/\/www.m-home.com\/es\/wp-json\/wp\/v2\/product"}],"about":[{"href":"https:\/\/www.m-home.com\/es\/wp-json\/wp\/v2\/types\/product"}],"wp:featuredmedia":[{"embeddable":true,"href":"https:\/\/www.m-home.com\/es\/wp-json\/wp\/v2\/media\/16015"}],"wp:attachment":[{"href":"https:\/\/www.m-home.com\/es\/wp-json\/wp\/v2\/media?parent=12687"}],"wp:term":[{"taxonomy":"product_brand","embeddable":true,"href":"https:\/\/www.m-home.com\/es\/wp-json\/wp\/v2\/product_brand?post=12687"},{"taxonomy":"product_cat","embeddable":true,"href":"https:\/\/www.m-home.com\/es\/wp-json\/wp\/v2\/product_cat?post=12687"},{"taxonomy":"product_tag","embeddable":true,"href":"https:\/\/www.m-home.com\/es\/wp-json\/wp\/v2\/product_tag?post=12687"}],"curies":[{"name":"wp","href":"https:\/\/api.w.org\/{rel}","templated":true}]}}