{"id":13993,"date":"2021-06-02T07:40:50","date_gmt":"2021-06-02T05:40:50","guid":{"rendered":"https:\/\/beautiful-wescoff.89-31-73-59.plesk.page\/?post_type=product&#038;p=13993"},"modified":"2021-06-02T07:40:50","modified_gmt":"2021-06-02T05:40:50","slug":"frigo-box-soft-top-1l-9","status":"publish","type":"product","link":"https:\/\/www.m-home.com\/es\/prodotto\/frigo-box-soft-top-1l-9\/","title":{"rendered":"Frigo Box Soft Top &#8211; 1L"},"content":{"rendered":"","protected":false},"excerpt":{"rendered":"<div class=\"attributi-raggruppamento\">\n<p>Art. 29.1611 \u2022 PLS1713 \u2022 1 L \u2022 12 <img loading=\"lazy\" decoding=\"async\" class=\"attachment-pa_confezione size-pa_confezione\" style=\"display: inline;\" src=\"https:\/\/www.m-home.com\/wp-content\/uploads\/2020\/11\/confezione.jpg\" alt=\"\" width=\"25\" height=\"15\" \/><\/p>\n<hr \/>\n<\/div>\n<div class=\"descrizione\">\n<p class=\"p1\">Contenitore per alimenti quadrato<br \/>\nSquared food container<br \/>\nBo\u00eete herm\u00e9tique carr\u00e9e<br \/>\nViereckige Frischhaltedose<br \/>\nHerm\u00e9tico cuadrado<\/p>\n<p><img loading=\"lazy\" decoding=\"async\" class=\"alignnone wp-image-4266\" src=\"https:\/\/www.m-home.com\/wp-content\/uploads\/2021\/01\/bpa-free-355x300.jpg\" alt=\"\" width=\"106\" height=\"89\" srcset=\"https:\/\/www.m-home.com\/wp-content\/uploads\/2021\/01\/bpa-free-355x300.jpg 355w, https:\/\/www.m-home.com\/wp-content\/uploads\/2021\/01\/bpa-free-300x253.jpg 300w, https:\/\/www.m-home.com\/wp-content\/uploads\/2021\/01\/bpa-free-600x507.jpg 600w, https:\/\/www.m-home.com\/wp-content\/uploads\/2021\/01\/bpa-free-450x380.jpg 450w, https:\/\/www.m-home.com\/wp-content\/uploads\/2021\/01\/bpa-free.jpg 700w\" sizes=\"(max-width: 106px) 100vw, 106px\" \/><\/p>\n<hr \/>\n<\/div>\n","protected":false},"featured_media":3300,"template":"","meta":[],"product_brand":[],"product_cat":[826,975],"product_tag":[],"class_list":{"0":"post-13993","1":"product","2":"type-product","3":"status-publish","4":"has-post-thumbnail","6":"product_cat-kitchenware-es","7":"product_cat-frigo-box-es","9":"first","10":"instock","11":"shipping-taxable","12":"product-type-simple"},"_links":{"self":[{"href":"https:\/\/www.m-home.com\/es\/wp-json\/wp\/v2\/product\/13993"}],"collection":[{"href":"https:\/\/www.m-home.com\/es\/wp-json\/wp\/v2\/product"}],"about":[{"href":"https:\/\/www.m-home.com\/es\/wp-json\/wp\/v2\/types\/product"}],"wp:featuredmedia":[{"embeddable":true,"href":"https:\/\/www.m-home.com\/es\/wp-json\/wp\/v2\/media\/3300"}],"wp:attachment":[{"href":"https:\/\/www.m-home.com\/es\/wp-json\/wp\/v2\/media?parent=13993"}],"wp:term":[{"taxonomy":"product_brand","embeddable":true,"href":"https:\/\/www.m-home.com\/es\/wp-json\/wp\/v2\/product_brand?post=13993"},{"taxonomy":"product_cat","embeddable":true,"href":"https:\/\/www.m-home.com\/es\/wp-json\/wp\/v2\/product_cat?post=13993"},{"taxonomy":"product_tag","embeddable":true,"href":"https:\/\/www.m-home.com\/es\/wp-json\/wp\/v2\/product_tag?post=13993"}],"curies":[{"name":"wp","href":"https:\/\/api.w.org\/{rel}","templated":true}]}}